{"id":35,"date":"2025-09-29T17:13:32","date_gmt":"2025-09-29T15:13:32","guid":{"rendered":"https:\/\/magazynmiedzynami.pl\/?page_id=35"},"modified":"2025-09-29T17:18:50","modified_gmt":"2025-09-29T15:18:50","slug":"politykaprywatnosci","status":"publish","type":"page","link":"https:\/\/magazynmiedzynami.pl\/?page_id=35","title":{"rendered":"Polityka Prywatno\u015bci"},"content":{"rendered":"\t\t<div data-elementor-type=\"wp-page\" data-elementor-id=\"35\" class=\"elementor elementor-35\">\n\t\t\t\t<div class=\"elementor-element elementor-element-d565737 e-flex e-con-boxed e-con e-parent\" data-id=\"d565737\" data-element_type=\"container\">\n\t\t\t\t\t<div class=\"e-con-inner\">\n\t\t\t\t<div class=\"elementor-element elementor-element-b18a6f8 elementor-widget elementor-widget-spacer\" data-id=\"b18a6f8\" data-element_type=\"widget\" data-widget_type=\"spacer.default\">\n\t\t\t\t\t\t\t<div class=\"elementor-spacer\">\n\t\t\t<div class=\"elementor-spacer-inner\"><\/div>\n\t\t<\/div>\n\t\t\t\t\t\t<\/div>\n\t\t\t\t<div class=\"elementor-element elementor-element-bce6afd elementor-widget elementor-widget-heading\" data-id=\"bce6afd\" data-element_type=\"widget\" data-widget_type=\"heading.default\">\n\t\t\t\t\t<h2 class=\"elementor-heading-title elementor-size-default\">POLITYKA PRYWATNO\u015aCI<\/h2>\t\t\t\t<\/div>\n\t\t\t\t<div class=\"elementor-element elementor-element-556100a elementor-widget elementor-widget-spacer\" data-id=\"556100a\" data-element_type=\"widget\" data-widget_type=\"spacer.default\">\n\t\t\t\t\t\t\t<div class=\"elementor-spacer\">\n\t\t\t<div class=\"elementor-spacer-inner\"><\/div>\n\t\t<\/div>\n\t\t\t\t\t\t<\/div>\n\t\t\t\t<div class=\"elementor-element elementor-element-935a14f elementor-widget elementor-widget-text-editor\" data-id=\"935a14f\" data-element_type=\"widget\" data-widget_type=\"text-editor.default\">\n\t\t\t\t\t\t\t\t\t<h2 data-start=\"311\" data-end=\"333\">Informacje og\u00f3lne<\/h2><p data-start=\"334\" data-end=\"556\">Niniejsza polityka prywatno\u015bci (dalej jako: \u201ePolityka\u201d) okre\u015bla zasady przetwarzania danych osobowych u\u017cytkownik\u00f3w kana\u0142\u00f3w i profili prowadzonych pod mark\u0105 <strong data-start=\"490\" data-end=\"501\">Magazyn<\/strong> w serwisach internetowych, w tym w szczeg\u00f3lno\u015bci na:<\/p><ul data-start=\"557\" data-end=\"758\"><li data-start=\"557\" data-end=\"569\"><p data-start=\"559\" data-end=\"569\">YouTube,<\/p><\/li><li data-start=\"570\" data-end=\"586\"><p data-start=\"572\" data-end=\"586\">Instagramie,<\/p><\/li><li data-start=\"587\" data-end=\"601\"><p data-start=\"589\" data-end=\"601\">Facebooku,<\/p><\/li><li data-start=\"602\" data-end=\"614\"><p data-start=\"604\" data-end=\"614\">TikToku,<\/p><\/li><li data-start=\"615\" data-end=\"627\"><p data-start=\"617\" data-end=\"627\">Spotify,<\/p><\/li><li data-start=\"628\" data-end=\"758\"><p data-start=\"630\" data-end=\"758\">X (dawniej Twitter),<br data-start=\"650\" data-end=\"653\" \/>a tak\u017ce w ramach dzia\u0142a\u0144 marketingowych z wykorzystaniem Google Ads i Meta Ads (dalej jako: \u201eSerwisy\u201d).<\/p><\/li><\/ul><p data-start=\"760\" data-end=\"1052\">Administratorem danych osobowych jest <strong data-start=\"798\" data-end=\"851\">\u201eMAGAZYN\u201d sp\u00f3\u0142ka z ograniczon\u0105 odpowiedzialno\u015bci\u0105<\/strong> z siedzib\u0105 w Warszawie, przy ul. Radosnej 4\/7, 02-956 Warszawa, wpisana do rejestru przedsi\u0119biorc\u00f3w KRS pod numerem: <strong data-start=\"969\" data-end=\"983\">0001190542<\/strong>, REGON: <strong data-start=\"992\" data-end=\"1005\">542545665<\/strong>, NIP: <strong data-start=\"1012\" data-end=\"1026\">9512628427<\/strong> (dalej jako: \u201eSp\u00f3\u0142ka\u201d).<\/p><p data-start=\"1054\" data-end=\"1185\">Polityka zawiera r\u00f3wnie\u017c opis podstawowych zasad zwi\u0105zanych z u\u017cywaniem plik\u00f3w cookies i podobnych technologii w ramach Serwis\u00f3w.<\/p><h2 data-start=\"1192\" data-end=\"1235\">Zakres przetwarzanych danych osobowych<\/h2><p data-start=\"1236\" data-end=\"1279\">Sp\u00f3\u0142ka mo\u017ce przetwarza\u0107 nast\u0119puj\u0105ce dane:<\/p><ul data-start=\"1280\" data-end=\"1659\"><li data-start=\"1280\" data-end=\"1431\"><p data-start=\"1282\" data-end=\"1431\">dane przekazywane dobrowolnie przez U\u017cytkownik\u00f3w (np. w komentarzach, formularzach kontaktowych, zapisach na newsletter, wiadomo\u015bciach prywatnych),<\/p><\/li><li data-start=\"1432\" data-end=\"1565\"><p data-start=\"1434\" data-end=\"1565\">dane techniczne zwi\u0105zane z korzystaniem z Serwis\u00f3w (np. adres IP, informacje o urz\u0105dzeniu, pliki cookies, identyfikatory online),<\/p><\/li><li data-start=\"1566\" data-end=\"1659\"><p data-start=\"1568\" data-end=\"1659\">dane statystyczne i analityczne dostarczane przez partner\u00f3w (m.in. Google, Meta, TikTok).<\/p><\/li><\/ul><h2 data-start=\"1666\" data-end=\"1700\">Cele i podstawy przetwarzania<\/h2><p data-start=\"1701\" data-end=\"1755\">Dane osobowe s\u0105 przetwarzane w nast\u0119puj\u0105cych celach:<\/p><ol data-start=\"1756\" data-end=\"2200\"><li data-start=\"1756\" data-end=\"1869\"><p data-start=\"1759\" data-end=\"1869\">Prowadzenie i obs\u0142uga kana\u0142\u00f3w\/profili w Serwisach (art. 6 ust. 1 lit. f RODO \u2013 prawnie uzasadniony interes).<\/p><\/li><li data-start=\"1870\" data-end=\"1946\"><p data-start=\"1873\" data-end=\"1946\">Komunikacja z U\u017cytkownikami (np. odpowiedzi na wiadomo\u015bci, komentarze).<\/p><\/li><li data-start=\"1947\" data-end=\"2114\"><p data-start=\"1950\" data-end=\"2114\">Analiza aktywno\u015bci w Serwisach i prowadzenie dzia\u0142a\u0144 marketingowych (Google Ads, Meta Ads, TikTok Ads) \u2013 na podstawie zg\u00f3d U\u017cytkownik\u00f3w na cookies i profilowanie.<\/p><\/li><li data-start=\"2115\" data-end=\"2200\"><p data-start=\"2118\" data-end=\"2200\">Wype\u0142nianie obowi\u0105zk\u00f3w prawnych ci\u0105\u017c\u0105cych na Sp\u00f3\u0142ce (art. 6 ust. 1 lit. c RODO).<\/p><\/li><\/ol><h2 data-start=\"2207\" data-end=\"2232\">Udost\u0119pnianie danych<\/h2><p data-start=\"2233\" data-end=\"2262\">Dane mog\u0105 by\u0107 przekazywane:<\/p><ul data-start=\"2263\" data-end=\"2441\"><li data-start=\"2263\" data-end=\"2338\"><p data-start=\"2265\" data-end=\"2338\">dostawcom us\u0142ug IT i narz\u0119dzi analitycznych (np. Google, Meta, TikTok),<\/p><\/li><li data-start=\"2339\" data-end=\"2385\"><p data-start=\"2341\" data-end=\"2385\">podmiotom \u015bwiadcz\u0105cym us\u0142ugi marketingowe,<\/p><\/li><li data-start=\"2386\" data-end=\"2441\"><p data-start=\"2388\" data-end=\"2441\">podmiotom uprawnionym na podstawie przepis\u00f3w prawa.<\/p><\/li><\/ul><h2 data-start=\"2448\" data-end=\"2471\">Prawa U\u017cytkownik\u00f3w<\/h2><p data-start=\"2472\" data-end=\"2531\">Ka\u017cdej osobie, kt\u00f3rej dane dotycz\u0105, przys\u0142uguje prawo do:<\/p><ul data-start=\"2532\" data-end=\"2746\"><li data-start=\"2532\" data-end=\"2576\"><p data-start=\"2534\" data-end=\"2576\">dost\u0119pu do danych i uzyskania ich kopii,<\/p><\/li><li data-start=\"2577\" data-end=\"2601\"><p data-start=\"2579\" data-end=\"2601\">sprostowania danych,<\/p><\/li><li data-start=\"2602\" data-end=\"2654\"><p data-start=\"2604\" data-end=\"2654\">usuni\u0119cia danych (\u201eprawo do bycia zapomnianym\u201d),<\/p><\/li><li data-start=\"2655\" data-end=\"2686\"><p data-start=\"2657\" data-end=\"2686\">ograniczenia przetwarzania,<\/p><\/li><li data-start=\"2687\" data-end=\"2721\"><p data-start=\"2689\" data-end=\"2721\">sprzeciwu wobec przetwarzania,<\/p><\/li><li data-start=\"2722\" data-end=\"2746\"><p data-start=\"2724\" data-end=\"2746\">przenoszenia danych.<\/p><\/li><\/ul><p data-start=\"2748\" data-end=\"2867\">W sprawach zwi\u0105zanych z danymi osobowymi mo\u017cna kontaktowa\u0107 si\u0119 z Administratorem pod adresem: <strong data-start=\"2842\" data-end=\"2864\"><a class=\"decorated-link cursor-pointer\" rel=\"noopener\" data-start=\"2844\" data-end=\"2862\">kontakt@magazynmiedzynami.pl<\/a><\/strong><\/p><h2 data-start=\"2874\" data-end=\"2908\">Cookies i technologie podobne<\/h2><ol data-start=\"2909\" data-end=\"3242\"><li data-start=\"2909\" data-end=\"3093\"><p data-start=\"2912\" data-end=\"2983\">Serwisy korzystaj\u0105 z plik\u00f3w cookies i podobnych technologii w celach:<\/p><ul data-start=\"2987\" data-end=\"3093\"><li data-start=\"2987\" data-end=\"3026\"><p data-start=\"2989\" data-end=\"3026\">zapewnienia prawid\u0142owego dzia\u0142ania,<\/p><\/li><li data-start=\"3030\" data-end=\"3054\"><p data-start=\"3032\" data-end=\"3054\">tworzenia statystyk,<\/p><\/li><li data-start=\"3058\" data-end=\"3093\"><p data-start=\"3060\" data-end=\"3093\">personalizacji tre\u015bci i reklam.<\/p><\/li><\/ul><\/li><li data-start=\"3094\" data-end=\"3177\"><p data-start=\"3097\" data-end=\"3177\">U\u017cytkownik mo\u017ce samodzielnie zmieni\u0107 ustawienia cookies w swojej przegl\u0105darce.<\/p><\/li><li data-start=\"3178\" data-end=\"3242\"><p data-start=\"3181\" data-end=\"3242\">Brak zmiany ustawie\u0144 oznacza akceptacj\u0119 stosowania cookies.<\/p><\/li><\/ol><h2 data-start=\"3249\" data-end=\"3275\">Postanowienia ko\u0144cowe<\/h2><ol data-start=\"3276\" data-end=\"3660\"><li data-start=\"3276\" data-end=\"3399\"><p data-start=\"3279\" data-end=\"3399\">Polityka ma charakter informacyjny i nie wy\u0142\u0105cza obowi\u0105zuj\u0105cych regulamin\u00f3w poszczeg\u00f3lnych serwis\u00f3w spo\u0142eczno\u015bciowych.<\/p><\/li><li data-start=\"3400\" data-end=\"3554\"><p data-start=\"3403\" data-end=\"3554\">Sp\u00f3\u0142ka zastrzega sobie prawo do wprowadzania zmian w Polityce w celu jej dostosowania do aktualnych przepis\u00f3w prawa oraz zmian w dzia\u0142alno\u015bci Sp\u00f3\u0142ki.<\/p><\/li><li data-start=\"3555\" data-end=\"3660\"><p data-start=\"3558\" data-end=\"3660\">Aktualna wersja Polityki jest zawsze publikowana w Serwisach i obowi\u0105zuje od dnia jej zamieszczenia.<\/p><\/li><\/ol><p>\u00a0<\/p><p data-start=\"2748\" data-end=\"2867\">\u00a0<\/p><p data-start=\"1054\" data-end=\"1185\">\u00a0<\/p>\t\t\t\t\t\t\t\t<\/div>\n\t\t\t\t\t<\/div>\n\t\t\t\t<\/div>\n\t\t\t\t<\/div>\n\t\t","protected":false},"excerpt":{"rendered":"<p>POLITYKA PRYWATNO\u015aCI Informacje og\u00f3lne Niniejsza polityka prywatno\u015bci (dalej jako: \u201ePolityka\u201d) okre\u015bla zasady przetwarzania danych osobowych u\u017cytkownik\u00f3w kana\u0142\u00f3w i profili prowadzonych pod mark\u0105 Magazyn w serwisach internetowych, w tym w szczeg\u00f3lno\u015bci na: YouTube, Instagramie, Facebooku, TikToku, Spotify, X (dawniej Twitter),a tak\u017ce w ramach dzia\u0142a\u0144 marketingowych z wykorzystaniem Google Ads i Meta Ads (dalej jako: \u201eSerwisy\u201d). Administratorem [&hellip;]<\/p>\n","protected":false},"author":1,"featured_media":0,"parent":0,"menu_order":0,"comment_status":"closed","ping_status":"closed","template":"","meta":{"footnotes":""},"class_list":["post-35","page","type-page","status-publish","hentry"],"_links":{"self":[{"href":"https:\/\/magazynmiedzynami.pl\/index.php?rest_route=\/wp\/v2\/pages\/35","targetHints":{"allow":["GET"]}}],"collection":[{"href":"https:\/\/magazynmiedzynami.pl\/index.php?rest_route=\/wp\/v2\/pages"}],"about":[{"href":"https:\/\/magazynmiedzynami.pl\/index.php?rest_route=\/wp\/v2\/types\/page"}],"author":[{"embeddable":true,"href":"https:\/\/magazynmiedzynami.pl\/index.php?rest_route=\/wp\/v2\/users\/1"}],"replies":[{"embeddable":true,"href":"https:\/\/magazynmiedzynami.pl\/index.php?rest_route=%2Fwp%2Fv2%2Fcomments&post=35"}],"version-history":[{"count":5,"href":"https:\/\/magazynmiedzynami.pl\/index.php?rest_route=\/wp\/v2\/pages\/35\/revisions"}],"predecessor-version":[{"id":40,"href":"https:\/\/magazynmiedzynami.pl\/index.php?rest_route=\/wp\/v2\/pages\/35\/revisions\/40"}],"wp:attachment":[{"href":"https:\/\/magazynmiedzynami.pl\/index.php?rest_route=%2Fwp%2Fv2%2Fmedia&parent=35"}],"curies":[{"name":"wp","href":"https:\/\/api.w.org\/{rel}","templated":true}]}}